{"id":2199,"date":"2025-08-14T12:43:39","date_gmt":"2025-08-14T12:43:39","guid":{"rendered":"https:\/\/astral.growdevs.com\/?post_type=product&#038;p=2199"},"modified":"2025-08-14T12:43:40","modified_gmt":"2025-08-14T12:43:40","slug":"modern-minimalist-home-office-with-dual-workstation-sofa","status":"publish","type":"product","link":"https:\/\/astralinterior.al\/sq\/product\/modern-minimalist-home-office-with-dual-workstation-sofa\/","title":{"rendered":"Zyr\u00eb moderne minimaliste n\u00eb sht\u00ebpi me stacion pune t\u00eb dyfisht\u00eb dhe divan"},"content":{"rendered":"","protected":false},"featured_media":2200,"parent":0,"template":"","meta":{"_acf_changed":true,"inline_featured_image":false},"categories":[7],"color":[31,28,30,20],"material":[34,25,22],"class_list":["post-2199","product","type-product","status-publish","has-post-thumbnail","hentry","category-home-decor","color-beige","color-brown","color-grey","color-white","material-fabric","material-metal","material-wood"],"acf":[],"_links":{"self":[{"href":"https:\/\/astralinterior.al\/sq\/wp-json\/wp\/v2\/product\/2199","targetHints":{"allow":["GET"]}}],"collection":[{"href":"https:\/\/astralinterior.al\/sq\/wp-json\/wp\/v2\/product"}],"about":[{"href":"https:\/\/astralinterior.al\/sq\/wp-json\/wp\/v2\/types\/product"}],"wp:featuredmedia":[{"embeddable":true,"href":"https:\/\/astralinterior.al\/sq\/wp-json\/wp\/v2\/media\/2200"}],"wp:attachment":[{"href":"https:\/\/astralinterior.al\/sq\/wp-json\/wp\/v2\/media?parent=2199"}],"wp:term":[{"taxonomy":"category","embeddable":true,"href":"https:\/\/astralinterior.al\/sq\/wp-json\/wp\/v2\/categories?post=2199"},{"taxonomy":"color","embeddable":true,"href":"https:\/\/astralinterior.al\/sq\/wp-json\/wp\/v2\/color?post=2199"},{"taxonomy":"material","embeddable":true,"href":"https:\/\/astralinterior.al\/sq\/wp-json\/wp\/v2\/material?post=2199"}],"curies":[{"name":"wp","href":"https:\/\/api.w.org\/{rel}","templated":true}]}}