{"id":2172,"date":"2025-08-14T12:10:57","date_gmt":"2025-08-14T12:10:57","guid":{"rendered":"https:\/\/astral.growdevs.com\/?post_type=product&#038;p=2172"},"modified":"2025-08-14T12:10:57","modified_gmt":"2025-08-14T12:10:57","slug":"elegant-beige-living-room-with-floating-media-console","status":"publish","type":"product","link":"https:\/\/astralinterior.al\/sq\/product\/elegant-beige-living-room-with-floating-media-console\/","title":{"rendered":"Dhom\u00eb ndenjeje elegante ngjyr\u00eb bezh\u00eb me rafte dekori"},"content":{"rendered":"","protected":false},"featured_media":2175,"parent":0,"template":"","meta":{"_acf_changed":true,"inline_featured_image":false},"categories":[4],"color":[31,33,20],"material":[34,25,22],"class_list":["post-2172","product","type-product","status-publish","has-post-thumbnail","hentry","category-living-room","color-beige","color-taupe","color-white","material-fabric","material-metal","material-wood"],"acf":[],"_links":{"self":[{"href":"https:\/\/astralinterior.al\/sq\/wp-json\/wp\/v2\/product\/2172","targetHints":{"allow":["GET"]}}],"collection":[{"href":"https:\/\/astralinterior.al\/sq\/wp-json\/wp\/v2\/product"}],"about":[{"href":"https:\/\/astralinterior.al\/sq\/wp-json\/wp\/v2\/types\/product"}],"wp:featuredmedia":[{"embeddable":true,"href":"https:\/\/astralinterior.al\/sq\/wp-json\/wp\/v2\/media\/2175"}],"wp:attachment":[{"href":"https:\/\/astralinterior.al\/sq\/wp-json\/wp\/v2\/media?parent=2172"}],"wp:term":[{"taxonomy":"category","embeddable":true,"href":"https:\/\/astralinterior.al\/sq\/wp-json\/wp\/v2\/categories?post=2172"},{"taxonomy":"color","embeddable":true,"href":"https:\/\/astralinterior.al\/sq\/wp-json\/wp\/v2\/color?post=2172"},{"taxonomy":"material","embeddable":true,"href":"https:\/\/astralinterior.al\/sq\/wp-json\/wp\/v2\/material?post=2172"}],"curies":[{"name":"wp","href":"https:\/\/api.w.org\/{rel}","templated":true}]}}