{"id":2140,"date":"2025-08-14T10:31:59","date_gmt":"2025-08-14T10:31:59","guid":{"rendered":"https:\/\/astral.growdevs.com\/?post_type=product&#038;p=2140"},"modified":"2025-08-14T10:31:59","modified_gmt":"2025-08-14T10:31:59","slug":"dark-toned-bedroom-with-minimalist-lighting","status":"publish","type":"product","link":"https:\/\/astralinterior.al\/sq\/product\/dark-toned-bedroom-with-minimalist-lighting\/","title":{"rendered":"Dhom\u00eb gjumi me nuanca t\u00eb err\u00ebta me ndri\u00e7im minimalist"},"content":{"rendered":"","protected":false},"featured_media":2141,"parent":0,"template":"","meta":{"_acf_changed":true,"inline_featured_image":false},"categories":[5],"color":[21,30],"material":[34,27,25,22],"class_list":["post-2140","product","type-product","status-publish","has-post-thumbnail","hentry","category-bedroom","color-black","color-grey","material-fabric","material-glass","material-metal","material-wood"],"acf":[],"_links":{"self":[{"href":"https:\/\/astralinterior.al\/sq\/wp-json\/wp\/v2\/product\/2140","targetHints":{"allow":["GET"]}}],"collection":[{"href":"https:\/\/astralinterior.al\/sq\/wp-json\/wp\/v2\/product"}],"about":[{"href":"https:\/\/astralinterior.al\/sq\/wp-json\/wp\/v2\/types\/product"}],"wp:featuredmedia":[{"embeddable":true,"href":"https:\/\/astralinterior.al\/sq\/wp-json\/wp\/v2\/media\/2141"}],"wp:attachment":[{"href":"https:\/\/astralinterior.al\/sq\/wp-json\/wp\/v2\/media?parent=2140"}],"wp:term":[{"taxonomy":"category","embeddable":true,"href":"https:\/\/astralinterior.al\/sq\/wp-json\/wp\/v2\/categories?post=2140"},{"taxonomy":"color","embeddable":true,"href":"https:\/\/astralinterior.al\/sq\/wp-json\/wp\/v2\/color?post=2140"},{"taxonomy":"material","embeddable":true,"href":"https:\/\/astralinterior.al\/sq\/wp-json\/wp\/v2\/material?post=2140"}],"curies":[{"name":"wp","href":"https:\/\/api.w.org\/{rel}","templated":true}]}}