{"id":2131,"date":"2025-08-14T10:29:31","date_gmt":"2025-08-14T10:29:31","guid":{"rendered":"https:\/\/astral.growdevs.com\/?post_type=product&#038;p=2131"},"modified":"2025-08-14T10:29:31","modified_gmt":"2025-08-14T10:29:31","slug":"modern-oak-wardrobe-with-open-display-shelf","status":"publish","type":"product","link":"https:\/\/astralinterior.al\/sq\/product\/modern-oak-wardrobe-with-open-display-shelf\/","title":{"rendered":"Gard\u00ebrob\u00eb moderne prej lisi me raft t\u00eb hapur"},"content":{"rendered":"","protected":false},"featured_media":2132,"parent":0,"template":"","meta":{"_acf_changed":true,"inline_featured_image":false},"categories":[5],"color":[31,28,33],"material":[34,22],"class_list":["post-2131","product","type-product","status-publish","has-post-thumbnail","hentry","category-bedroom","color-beige","color-brown","color-taupe","material-fabric","material-wood"],"acf":[],"_links":{"self":[{"href":"https:\/\/astralinterior.al\/sq\/wp-json\/wp\/v2\/product\/2131","targetHints":{"allow":["GET"]}}],"collection":[{"href":"https:\/\/astralinterior.al\/sq\/wp-json\/wp\/v2\/product"}],"about":[{"href":"https:\/\/astralinterior.al\/sq\/wp-json\/wp\/v2\/types\/product"}],"wp:featuredmedia":[{"embeddable":true,"href":"https:\/\/astralinterior.al\/sq\/wp-json\/wp\/v2\/media\/2132"}],"wp:attachment":[{"href":"https:\/\/astralinterior.al\/sq\/wp-json\/wp\/v2\/media?parent=2131"}],"wp:term":[{"taxonomy":"category","embeddable":true,"href":"https:\/\/astralinterior.al\/sq\/wp-json\/wp\/v2\/categories?post=2131"},{"taxonomy":"color","embeddable":true,"href":"https:\/\/astralinterior.al\/sq\/wp-json\/wp\/v2\/color?post=2131"},{"taxonomy":"material","embeddable":true,"href":"https:\/\/astralinterior.al\/sq\/wp-json\/wp\/v2\/material?post=2131"}],"curies":[{"name":"wp","href":"https:\/\/api.w.org\/{rel}","templated":true}]}}