{"id":2099,"date":"2025-08-14T09:43:58","date_gmt":"2025-08-14T09:43:58","guid":{"rendered":"https:\/\/astral.growdevs.com\/?post_type=product&#038;p=2099"},"modified":"2025-08-14T09:43:59","modified_gmt":"2025-08-14T09:43:59","slug":"modern-black-kitchen-with-white-countertops","status":"publish","type":"product","link":"https:\/\/astralinterior.al\/sq\/product\/modern-black-kitchen-with-white-countertops\/","title":{"rendered":"Kuzhin\u00eb moderne e zez\u00eb me banak\u00eb t\u00eb bardh\u00eb"},"content":{"rendered":"","protected":false},"featured_media":2101,"parent":0,"template":"","meta":{"_acf_changed":true,"inline_featured_image":false},"categories":[6],"color":[21,20],"material":[27,25,26,22],"class_list":["post-2099","product","type-product","status-publish","has-post-thumbnail","hentry","category-kitchen-dining","color-black","color-white","material-glass","material-metal","material-stone","material-wood"],"acf":[],"_links":{"self":[{"href":"https:\/\/astralinterior.al\/sq\/wp-json\/wp\/v2\/product\/2099","targetHints":{"allow":["GET"]}}],"collection":[{"href":"https:\/\/astralinterior.al\/sq\/wp-json\/wp\/v2\/product"}],"about":[{"href":"https:\/\/astralinterior.al\/sq\/wp-json\/wp\/v2\/types\/product"}],"wp:featuredmedia":[{"embeddable":true,"href":"https:\/\/astralinterior.al\/sq\/wp-json\/wp\/v2\/media\/2101"}],"wp:attachment":[{"href":"https:\/\/astralinterior.al\/sq\/wp-json\/wp\/v2\/media?parent=2099"}],"wp:term":[{"taxonomy":"category","embeddable":true,"href":"https:\/\/astralinterior.al\/sq\/wp-json\/wp\/v2\/categories?post=2099"},{"taxonomy":"color","embeddable":true,"href":"https:\/\/astralinterior.al\/sq\/wp-json\/wp\/v2\/color?post=2099"},{"taxonomy":"material","embeddable":true,"href":"https:\/\/astralinterior.al\/sq\/wp-json\/wp\/v2\/material?post=2099"}],"curies":[{"name":"wp","href":"https:\/\/api.w.org\/{rel}","templated":true}]}}