{"id":807,"date":"2025-07-25T00:58:11","date_gmt":"2025-07-25T00:58:11","guid":{"rendered":"https:\/\/astral.growdevs.com\/?page_id=807"},"modified":"2025-08-19T12:17:11","modified_gmt":"2025-08-19T12:17:11","slug":"about-us","status":"publish","type":"page","link":"https:\/\/astralinterior.al\/sq\/about-us\/","title":{"rendered":"Rreth Nesh"},"content":{"rendered":"<div class=\"gb-element-c0b12b2f\">\n<div class=\"normal-container gb-element-29ae4f9e\">\n<div>\n<div class=\"gb-text-18df43a7\"><span class=\"gb-text\">Home<\/span><span class=\"gb-shape\"><svg width=\"9\" height=\"9\" viewbox=\"0 0 9 9\" fill=\"none\" xmlns=\"http:\/\/www.w3.org\/2000\/svg\">\n<g clip-path=\"url(#clip0_134_2255)\">\n<path d=\"M2.78095 9L1.71973 7.93874L5.15846 4.5L1.71973 1.06126L2.78095 2.0929e-06L7.28095 4.5L2.78095 9Z\" fill=\"currentColor\"><\/path>\n<\/g>\n<defs>\n<clippath id=\"clip0_134_2255\">\n<rect width=\"9\" height=\"9\" fill=\"currentColor\" transform=\"matrix(1 1.74846e-07 1.74846e-07 -1 0 9)\"><\/rect>\n<\/clippath>\n<\/defs>\n<\/svg><\/span><\/div>\n\n\n\n<div class=\"gb-text gb-text-e65a5062\">Rreth nesh<\/div>\n<\/div>\n\n\n\n<h2 class=\"gb-text gb-text-f030968c\">Mir\u00eb se vini n\u00eb Astral Interior<\/h2>\n\n\n\n<p class=\"gb-text gb-text-c1569a9b\">Astral Interior \u00ebsht\u00eb destinacioni juaj i preferuar p\u00ebr mobilje dhe dekor elegant dhe cil\u00ebsor q\u00eb i japin jet\u00eb \u00e7do dhome t\u00eb sht\u00ebpis\u00eb tuaj.<\/p>\n<\/div>\n<\/div>\n\n\n\n<div class=\"gb-element-6c32c306\">\n<div class=\"gb-element-5b2266ac\">\n<div class=\"gb-element-e9debbe8\">\n<div class=\"gb-text gb-text-d3271d53\">Rreth Nesh<\/div>\n\n\n\n<h3 class=\"gb-text gb-text-950c7092\">Frym\u00ebzim P\u00ebr Nj\u00eb Stil Jetese Modern<\/h3>\n\n\n\n<p class=\"gb-text gb-text-514ef776\">Mir\u00eb se vini n\u00eb Astral Interior, ku stili takon rehatin\u00eb n\u00eb \u00e7do cep t\u00eb sht\u00ebpis\u00eb tuaj. Ne ju sjellim nj\u00eb p\u00ebrzgjedhje t\u00eb kuruar me kujdes t\u00eb mobiljeve dhe dekorit p\u00ebr \u00e7do dhom\u00eb - nga dhomat e gjumit komode dhe dhomat e ndenjes mikprit\u00ebse deri te hap\u00ebsirat elegante t\u00eb ngr\u00ebnies dhe kuzhinat e pajisura plot\u00ebsisht. N\u00ebse jeni duke k\u00ebrkuar mobilje, divane apo apo pjes\u00eb dekori, koleksioni yn\u00eb \u00ebsht\u00eb projektuar p\u00ebr t'i dh\u00ebn\u00eb identitet sht\u00ebpis\u00eb tuaj.<br><br>N\u00eb Astral Interior, ne besojm\u00eb se sht\u00ebpia juaj duhet t\u00eb pasqyroj\u00eb personalitetin tuaj. Kjo \u00ebsht\u00eb arsyeja pse ne kombinojm\u00eb dizajne klasike me trendet moderne, duke ofruar pjes\u00eb t\u00eb gjithanshme q\u00eb i p\u00ebrshtaten nj\u00eb shum\u00ebllojshm\u00ebrie stilesh. \u00c7do artikull zgjidhet duke i kushtuar v\u00ebmendje cil\u00ebsis\u00eb, funksionalitetit dhe pamjes estetike.<\/p>\n\n\n\n<div class=\"gb-element-ef045121\">\n<a class=\"contrast-button gb-text-aa3b8516\" href=\"https:\/\/astralinterior.al\/sq\/contact\/\"><span class=\"gb-text\">Flisni me nj\u00eb ekspert!<\/span><span class=\"gb-shape\"><svg width=\"26\" height=\"20\" viewbox=\"0 0 26 20\" fill=\"none\" xmlns=\"http:\/\/www.w3.org\/2000\/svg\">\n<path d=\"M15.5 0L13.75 1.75L20.75 8.75H0.5V11.25H20.75L13.75 18.25L15.5 20L25.5 10L15.5 0Z\" fill=\"currentColor\"><\/path>\n<\/svg>\n<\/span><\/a>\n<\/div>\n<\/div>\n<\/div>\n\n\n\n<div class=\"gb-element-65ba7bad\">\n<img loading=\"lazy\" decoding=\"async\" width=\"937\" height=\"700\" class=\"gb-media-28d30ad9\" alt=\"\" src=\"https:\/\/astralinterior.al\/wp-content\/uploads\/2025\/07\/Rectangle-39.png\" title=\"Drejtk\u00ebnd\u00ebsh 39\" srcset=\"https:\/\/astralinterior.al\/wp-content\/uploads\/2025\/07\/Rectangle-39.png 937w, https:\/\/astralinterior.al\/wp-content\/uploads\/2025\/07\/Rectangle-39-300x224.png 300w, https:\/\/astralinterior.al\/wp-content\/uploads\/2025\/07\/Rectangle-39-768x574.png 768w\" sizes=\"auto, (max-width: 937px) 100vw, 937px\" \/>\n<\/div>\n<\/div>\n\n\n\n<div class=\"gb-element-5475839b\">\n<div class=\"gb-element-32fe9bac\">\n<img loading=\"lazy\" decoding=\"async\" width=\"942\" height=\"550\" class=\"gb-media-806e060d\" alt=\"\" src=\"https:\/\/astralinterior.al\/wp-content\/uploads\/2025\/07\/Rectangle-39-1.png\" title=\"Drejtk\u00ebnd\u00ebshi 39 (1)\" srcset=\"https:\/\/astralinterior.al\/wp-content\/uploads\/2025\/07\/Rectangle-39-1.png 942w, https:\/\/astralinterior.al\/wp-content\/uploads\/2025\/07\/Rectangle-39-1-300x175.png 300w, https:\/\/astralinterior.al\/wp-content\/uploads\/2025\/07\/Rectangle-39-1-768x448.png 768w\" sizes=\"auto, (max-width: 942px) 100vw, 942px\" \/>\n<\/div>\n\n\n\n<div class=\"gb-element-825d12bd\">\n<div class=\"gb-element-b8033f19\">\n<h3 class=\"gb-text gb-text-ca48f367\">Dizajne inovative dhe plot stil<\/h3>\n\n\n\n<p class=\"gb-text gb-text-ebadc86b\">N\u00eb Astral Interior, ne besojm\u00eb se \u00e7do sht\u00ebpi meriton t\u00eb jet\u00eb nj\u00eb vend i bukur, funksional dhe plot ngroht\u00ebsi. Nga zgjedhja e krevatit ideal deri te dizajnimi i dhom\u00ebs s\u00eb ndenjes q\u00eb keni \u00ebnd\u00ebrruar gjithmon\u00eb, ekipi yn\u00eb \u00ebsht\u00eb k\u00ebtu p\u00ebr ta b\u00ebr\u00eb mobilimin t\u00eb thjesht\u00eb dhe t\u00eb k\u00ebndsh\u00ebm. Zbuloni se si mobiliet e duhura e kthejn\u00eb sht\u00ebpin\u00eb n\u00eb nj\u00eb hap\u00ebsir\u00eb q\u00eb e adhuroni \u00e7do dit\u00eb.<\/p>\n<\/div>\n<\/div>\n<\/div>\n\n\n\n<div>\n<div class=\"normal-container gb-element-55f6d18f\">\n<h3 class=\"gb-text gb-text-6ed16622\">Nga Vizioni n\u00eb Realitet: Dizajne Luksoze dhe T\u00eb Arsyeshme<\/h3>\n\n\n\n<p class=\"gb-text gb-text-9b20a746\">\u00c7do detaj i krijuar me q\u00ebllim - ku trash\u00ebgimia, mjesht\u00ebria dhe inovacioni bashkohen.<\/p>\n\n\n\n<div class=\"gb-element-42a2e67a\">\n<div class=\"gb-element-3632cc65\">\n<img loading=\"lazy\" decoding=\"async\" width=\"348\" height=\"500\" class=\"gb-media-82d73073\" alt=\"\" src=\"https:\/\/astralinterior.al\/wp-content\/uploads\/2025\/07\/Rectangle-121.png\" title=\"Drejtk\u00ebnd\u00ebsh 121\" srcset=\"https:\/\/astralinterior.al\/wp-content\/uploads\/2025\/07\/Rectangle-121.png 348w, https:\/\/astralinterior.al\/wp-content\/uploads\/2025\/07\/Rectangle-121-209x300.png 209w\" sizes=\"auto, (max-width: 348px) 100vw, 348px\" \/>\n\n\n\n<div class=\"gb-text gb-text-d542d8d2\">1<\/div>\n\n\n\n<div class=\"gb-text gb-text-3e703153\">Kurim i Personalizuar<\/div>\n\n\n\n<p class=\"gb-text gb-text-750a6fda\">Duke u mb\u00ebshtetur n\u00eb stilin klasik evropian dhe funksionalitetin modern, koleksionet tona <strong>sjellin eleganc\u00eb n\u00eb \u00e7do dhom\u00eb.<\/strong><\/p>\n<\/div>\n\n\n\n<div class=\"gb-element-253dbe9a\">\n<img loading=\"lazy\" decoding=\"async\" width=\"345\" height=\"300\" class=\"gb-media-328852b3\" alt=\"\" src=\"https:\/\/astralinterior.al\/wp-content\/uploads\/2025\/07\/Rectangle-122.png\" title=\"Drejtk\u00ebnd\u00ebsh 122\" srcset=\"https:\/\/astralinterior.al\/wp-content\/uploads\/2025\/07\/Rectangle-122.png 345w, https:\/\/astralinterior.al\/wp-content\/uploads\/2025\/07\/Rectangle-122-300x261.png 300w\" sizes=\"auto, (max-width: 345px) 100vw, 345px\" \/>\n\n\n\n<div class=\"gb-text gb-text-c4872a2c\">2<\/div>\n\n\n\n<div class=\"gb-text gb-text-91ef47cf\">Luksi fillon me cil\u00ebsin\u00eb<\/div>\n\n\n\n<p class=\"gb-text gb-text-d5b0040a\">Ne zgjedhim <strong>materiale premium nga furnizues t\u00eb besuar<\/strong>, duke u siguruar q\u00eb \u00e7do produkt t\u00eb ofroj\u00eb komoditet dhe t\u00eb zgjas\u00eb p\u00ebr vite me radh\u00eb.<\/p>\n<\/div>\n\n\n\n<div class=\"gb-element-d1fd4eab\">\n<img loading=\"lazy\" decoding=\"async\" width=\"348\" height=\"500\" class=\"gb-media-ee193567\" alt=\"\" src=\"https:\/\/astralinterior.al\/wp-content\/uploads\/2025\/07\/Rectangle-121-1.png\" title=\"Drejtk\u00ebnd\u00ebsh 121 (1)\" srcset=\"https:\/\/astralinterior.al\/wp-content\/uploads\/2025\/07\/Rectangle-121-1.png 348w, https:\/\/astralinterior.al\/wp-content\/uploads\/2025\/07\/Rectangle-121-1-209x300.png 209w\" sizes=\"auto, (max-width: 348px) 100vw, 348px\" \/>\n\n\n\n<div class=\"gb-text gb-text-b4ba2ea5\">3<\/div>\n\n\n\n<div class=\"gb-text gb-text-554b955a\">Mjesht\u00ebri e rafinuar<\/div>\n\n\n\n<p class=\"gb-text gb-text-eed10bfb\">Nga punimi preciz te sip\u00ebrfaqet e p\u00ebrfunduara me dor\u00eb, \u00e7do dizajn \u00ebsht\u00eb b\u00ebr\u00eb me p\u00ebrkushtim\u2014<strong>duke kombinuar tradit\u00ebn me inovacionet m\u00eb t\u00eb fundit n\u00eb dizajn.<\/strong><\/p>\n<\/div>\n\n\n\n<div class=\"gb-element-5a7d1eea\">\n<img loading=\"lazy\" decoding=\"async\" width=\"348\" height=\"300\" class=\"gb-media-ecdfb6d0\" alt=\"\" src=\"https:\/\/astralinterior.al\/wp-content\/uploads\/2025\/07\/Rectangle-121-2.png\" title=\"Drejtk\u00ebnd\u00ebsh 121 (2)\" srcset=\"https:\/\/astralinterior.al\/wp-content\/uploads\/2025\/07\/Rectangle-121-2.png 348w, https:\/\/astralinterior.al\/wp-content\/uploads\/2025\/07\/Rectangle-121-2-300x259.png 300w\" sizes=\"auto, (max-width: 348px) 100vw, 348px\" \/>\n\n\n\n<div class=\"gb-text gb-text-070f4b6f\">4<\/div>\n\n\n\n<div class=\"gb-text gb-text-590e0577\">Leverdi n\u00eb kosto<\/div>\n\n\n\n<p class=\"gb-text gb-text-8394dc6a\">Duke maksimizuar efikasitetin e pun\u00ebs, ne ofrojm\u00eb cil\u00ebsi t\u00eb rafinuar me nj\u00eb \u00e7mim t\u00eb drejt\u00eb\u2014<strong>duke ofruar mjesht\u00ebri t\u00eb nivelit t\u00eb lart\u00eb <\/strong>pa kosto ekstra t\u00eb panevojshme.<\/p>\n<\/div>\n<\/div>\n\n\n\n<div class=\"gb-element-084afd9b\">\n<div class=\"gb-text gb-text-a832d14e\">Markat me t\u00eb cilat bashk\u00ebpunojm\u00eb<\/div>\n\n\n\n<div class=\"embla six-cols autoscroll\">\n<div class=\"embla__viewport\">\n<div class=\"gb-element-1c622780 embla__container convert-list\">\n<div class=\"gb-element-4ce5c219\">\n<img loading=\"lazy\" decoding=\"async\" width=\"192\" height=\"60\" class=\"gb-media-f82bf631\" alt=\"\" src=\"https:\/\/astralinterior.al\/wp-content\/uploads\/2025\/08\/2dfgkljdfhdfbhdksjgScreenshot_541.png\"\/>\n<\/div>\n\n\n\n<div class=\"gb-element-87f3ed2b\">\n<img loading=\"lazy\" decoding=\"async\" width=\"192\" height=\"60\" class=\"gb-media-362df55b\" alt=\"\" src=\"https:\/\/astralinterior.al\/wp-content\/uploads\/2025\/08\/fghjilfujhfgdfbhdksjgScreenshot_541.png\"\/>\n<\/div>\n\n\n\n<div class=\"gb-element-b3c11498\">\n<img loading=\"lazy\" decoding=\"async\" width=\"192\" height=\"60\" class=\"gb-media-a076a001\" alt=\"\" src=\"https:\/\/astralinterior.al\/wp-content\/uploads\/2025\/08\/hggkohpdfj7676dfbhdksjgScreenshot_541.png\"\/>\n<\/div>\n\n\n\n<div class=\"gb-element-1f3daec1\">\n<img loading=\"lazy\" decoding=\"async\" width=\"192\" height=\"60\" class=\"gb-media-58cb0cca\" alt=\"\" src=\"https:\/\/astralinterior.al\/wp-content\/uploads\/2025\/08\/1323i2udfgfgdfbhdksjgScreenshot_541.png\"\/>\n<\/div>\n\n\n\n<div class=\"gb-element-2156f73d\">\n<img loading=\"lazy\" decoding=\"async\" width=\"192\" height=\"60\" class=\"gb-media-91b8cebb\" alt=\"\" src=\"https:\/\/astralinterior.al\/wp-content\/uploads\/2025\/08\/21jsfhdsfgf.png\"\/>\n<\/div>\n\n\n\n<div class=\"gb-element-98971800\">\n<img loading=\"lazy\" decoding=\"async\" width=\"192\" height=\"60\" class=\"gb-media-b810a1eb\" alt=\"\" src=\"https:\/\/astralinterior.al\/wp-content\/uploads\/2025\/08\/dfhjkdfghfdfbhdksjgScreenshot_541.png\"\/>\n<\/div>\n<\/div>\n<\/div>\n<\/div>\n<\/div>\n<\/div>\n<\/div>\n\n\n\n<div class=\"gb-element-4364d8fd\">\n<div class=\"normal-container gb-element-885a94f7\">\n<div class=\"gb-element-ddad183f\">\n<div class=\"gb-text gb-text-2a4b2385\">P\u00ebr nj\u00eb sht\u00ebpi q\u00eb ndihet tamam e juaja<\/div>\n\n\n\n<div class=\"gb-text-b96a2dc5\"><span class=\"gb-shape\"><svg width=\"186\" height=\"3\" viewbox=\"0 0 186 3\" fill=\"none\" xmlns=\"http:\/\/www.w3.org\/2000\/svg\">\n<line y1=\"1.47644\" x2=\"186\" y2=\"1.47644\" stroke=\"white\" stroke-width=\"2\"><\/line>\n<\/svg>\n<\/span><\/div>\n\n\n\n<h2 class=\"gb-text gb-text-5af63445\">Vizitoni Showroom-in Ton\u00eb<\/h2>\n\n\n\n<div class=\"gb-text gb-text-d50bd439\">Rezervoni nj\u00eb takim n\u00eb showroom-in ton\u00eb dhe flisni me nj\u00eb nga specialist\u00ebt tan\u00eb t\u00eb produkteve.<\/div>\n\n\n\n<div class=\"gb-element-04dc9f80\">\n<a class=\"secondary-button gb-text-0bee8592\" href=\"https:\/\/astralinterior.al\/sq\/contact\/\"><span class=\"gb-text\">Rezervoni nj\u00eb Takim<\/span><span class=\"gb-shape\"><svg width=\"32\" height=\"26\" viewbox=\"0 0 32 26\" fill=\"none\" xmlns=\"http:\/\/www.w3.org\/2000\/svg\">\n<path d=\"M19.4594 0.819763L17.2894 3.00726L25.9694 11.7573H0.859375V14.8823H25.9694L17.2894 23.6323L19.4594 25.8198L31.8594 13.3198L19.4594 0.819763Z\" fill=\"currentColor\"><\/path>\n<\/svg><\/span><\/a>\n<\/div>\n<\/div>\n<\/div>\n<\/div>\n\n\n\n<div>\n<div class=\"normal-container gb-element-49693cad\">\n<div class=\"gb-element-bde9d472\">\n<div class=\"gb-element-29e6793e\">\n<div>\n<img loading=\"lazy\" decoding=\"async\" width=\"101\" height=\"100\" class=\"gb-media-5514363f\" alt=\"\" src=\"https:\/\/astralinterior.al\/wp-content\/uploads\/2025\/07\/Group-2268-2.png\" title=\"Grupi 2268 (2)\"\/>\n<\/div>\n\n\n\n<div class=\"gb-text gb-text-f7649df7\"><strong>\u00c7mime<\/strong> Konkurruese<\/div>\n<\/div>\n\n\n\n<div class=\"gb-element-1f7da625\">\n<div>\n<img loading=\"lazy\" decoding=\"async\" width=\"101\" height=\"101\" class=\"gb-media-e29df75a\" alt=\"\" src=\"https:\/\/astralinterior.al\/wp-content\/uploads\/2025\/07\/Group-2268.png\" title=\"Grupi 2268\"\/>\n<\/div>\n\n\n\n<div class=\"gb-text gb-text-fd8dd13b\"><strong>D\u00ebrgesa <\/strong>Falas<\/div>\n<\/div>\n\n\n\n<div class=\"gb-element-405cd9ba\">\n<div>\n<img loading=\"lazy\" decoding=\"async\" width=\"101\" height=\"101\" class=\"gb-media-4c1e3681\" alt=\"\" src=\"https:\/\/astralinterior.al\/wp-content\/uploads\/2025\/07\/Group-2268-1.png\" title=\"Grupi 2268 (1)\"\/>\n<\/div>\n\n\n\n<div class=\"gb-text gb-text-678ee6f8\"><strong>Montim <\/strong>i Plot\u00eb<\/div>\n<\/div>\n\n\n\n<div class=\"gb-element-4846f61b\">\n<div>\n<img loading=\"lazy\" decoding=\"async\" width=\"79\" height=\"80\" class=\"gb-media-f310d17b\" alt=\"\" src=\"https:\/\/astralinterior.al\/wp-content\/uploads\/2025\/07\/pin-6-1.png\" title=\"kunja (6) 1\"\/>\n<\/div>\n\n\n\n<div class=\"gb-text gb-text-50fcda90\"><strong>Showroom <\/strong>Modern<\/div>\n<\/div>\n<\/div>\n\n\n\n<div class=\"gb-element-bafb4812\">\n<h3 class=\"gb-text gb-text-cc99f0fe\">Cil\u00ebsi q\u00eb zgjat, sh\u00ebrbim t\u00eb cilit mund t'i besoni<\/h3>\n\n\n\n<p class=\"gb-text gb-text-d1a323e4\">N\u00eb Astral Interior, ne besojm\u00eb se mobiljet e shk\u00eblqyera duhet t\u00eb jen\u00eb nj\u00eb investim afatgjat\u00eb n\u00eb rehatin\u00eb dhe stilin e sht\u00ebpis\u00eb suaj. Kjo \u00ebsht\u00eb arsyeja pse ne zgjedhim me kujdes materialet m\u00eb t\u00eb q\u00ebndrueshme, teknika t\u00eb sakta nd\u00ebrtimi dhe dizajne t\u00eb p\u00ebrjetshme q\u00eb i rezistojn\u00eb koh\u00ebs. \u00c7do pjes\u00eb n\u00eb koleksionin ton\u00eb - qoft\u00eb p\u00ebr dhom\u00ebn tuaj t\u00eb gjumit, dhom\u00ebn e ndenjes apo kuzhin\u00ebn - \u00ebsht\u00eb nd\u00ebrtuar me q\u00ebllim p\u00ebr t'ju ofruar bukuri dhe funksionalitet t\u00eb p\u00ebrditsh\u00ebm p\u00ebr vite me rradh\u00eb.<br><\/p>\n\n\n\n<div class=\"gb-element-ade8c750 hidden hidden-content\">\n<p class=\"gb-text gb-text-07e772f8\">Angazhimi yn\u00eb nuk mbaron pasi mobiljet tuaja t\u00eb jen\u00eb dor\u00ebzuar. Ne ofrojm\u00eb suport t\u00eb plot\u00eb pas blerjes p\u00ebr t'u siguruar q\u00eb ju t\u00eb vazhdoni t\u00eb shijoni investimin tuaj. N\u00ebse keni pyetje n\u00eb lidhje me kujdesin e produktit, keni nevoj\u00eb p\u00ebr k\u00ebshilla p\u00ebr rregullimin e hap\u00ebsir\u00ebs suaj ose keni nevoj\u00eb p\u00ebr ndihm\u00eb me mir\u00ebmbajtjen, ekipi yn\u00eb \u00ebsht\u00eb vet\u00ebm nj\u00eb telefonat\u00eb larg. Ne jemi k\u00ebtu p\u00ebr t'u siguruar q\u00eb p\u00ebrvoja juaj me Astral Interior t\u00eb mbetet gjithmon\u00eb pozitive!<\/p>\n<\/div>\n\n\n\n<div class=\"gb-element-43d2fc8d\">\n<a class=\"contrast-button gb-text-ee55d11f load-more\"><span class=\"gb-text\">Lexo m\u00eb shum\u00eb<\/span><span class=\"gb-shape\"><svg width=\"15\" height=\"20\" viewbox=\"0 0 15 20\" fill=\"none\" xmlns=\"http:\/\/www.w3.org\/2000\/svg\">\n<path d=\"M14.8711 11.8589L13.5699 10.5577L8.36521 15.7624L8.36521 0.705932L6.50639 0.705932L6.50639 15.7624L1.30168 10.5577L0.00050496 11.8589L7.4358 19.2942L14.8711 11.8589Z\" fill=\"currentColor\"><\/path>\n<\/svg><\/span><\/a>\n\n\n\n<a class=\"contrast-button gb-text-a0873bca load-less hidden\"><span class=\"gb-text\">Lexo m\u00eb pak<\/span><span class=\"gb-shape\"><svg width=\"15\" height=\"20\" viewbox=\"0 0 15 20\" fill=\"none\" xmlns=\"http:\/\/www.w3.org\/2000\/svg\">\n<path d=\"M14.8711 11.8589L13.5699 10.5577L8.36521 15.7624L8.36521 0.705932L6.50639 0.705932L6.50639 15.7624L1.30168 10.5577L0.00050496 11.8589L7.4358 19.2942L14.8711 11.8589Z\" fill=\"currentColor\"><\/path>\n<\/svg><\/span><\/a>\n<\/div>\n<\/div>\n<\/div>\n<\/div>\n\n\n\n<div class=\"gb-element-410141ff\">\n<div class=\"normal-container gb-element-df68cc79\">\n<h3 class=\"gb-text gb-text-0ca5c9cb\">Pyetjet m\u00eb t\u00eb Shpeshta<\/h3>\n\n\n\n<div class=\"gb-element-92946e71\">\n<a class=\"contrast-button gb-text-79ebc0f2\" href=\"https:\/\/astralinterior.al\/sq\/contact\/\"><span class=\"gb-text\">Flisni me nj\u00eb ekspert!<\/span><span class=\"gb-shape\"><svg width=\"26\" height=\"20\" viewbox=\"0 0 26 20\" fill=\"none\" xmlns=\"http:\/\/www.w3.org\/2000\/svg\">\n<path d=\"M15.5 0L13.75 1.75L20.75 8.75H0.5V11.25H20.75L13.75 18.25L15.5 20L25.5 10L15.5 0Z\" fill=\"currentColor\"><\/path>\n<\/svg>\n<\/span><\/a>\n<\/div>\n\n\n\n<div class=\"gb-element-c6052e41\">\n<div class=\"gb-element-852a25a2\">\n<div class=\"gb-accordion\">\n<div class=\"gb-accordion__item gb-accordion__item-6315d160\">\n<div role=\"button\" tabindex=\"0\" class=\"gb-accordion__toggle gb-accordion__toggle-03d5a450\" id=\"gb-accordion-toggle-03d5a450\">\n<span class=\"gb-text gb-text-f45bf44e\">A mund t\u2019i shoh mobiljet personalisht para se t\u2019i blej?<\/span>\n\n\n\n<span class=\"gb-accordion__toggle-icon gb-accordion__toggle-icon-c538fc57\"><span class=\"gb-accordion__toggle-icon-open\"><svg width=\"25\" height=\"24\" viewbox=\"0 0 25 24\" fill=\"none\" xmlns=\"http:\/\/www.w3.org\/2000\/svg\">\n<path d=\"M20.507 7.03207L3.32306 23.5L0.499996 20.7946L17.6819 4.32664L2.53843 4.32664L2.53843 0.5L24.5 0.500004L24.5 21.5465L20.507 21.5465L20.507 7.03207Z\" fill=\"white\"><\/path>\n<\/svg><\/span><span class=\"gb-accordion__toggle-icon-close\"><svg width=\"23\" height=\"23\" viewbox=\"0 0 23 23\" fill=\"none\" xmlns=\"http:\/\/www.w3.org\/2000\/svg\">\n<path d=\"M19.1734 16.4679L2.70543 9.20681e-06L-1.44153e-06 2.70544L16.466 19.1734L1.9535 19.1734L1.9535 23L23 23L23 1.9535L19.1734 1.9535L19.1734 16.4679Z\" fill=\"#FFD400\"><\/path>\n<\/svg>\n<\/span><\/span>\n<\/div>\n\n\n\n<div class=\"gb-accordion__content gb-accordion__content-e6bf7655\" id=\"gb-accordion-content-e6bf7655\">\n<div class=\"gb-element-f73a196e\">\n<p class=\"gb-text gb-text-384f8b02\">Po! Ju mir\u00ebpresim t\u00eb vizitoni showrroom-in ton\u00eb p\u00ebr t\u00eb par\u00eb gam\u00ebn ton\u00eb t\u00eb plot\u00eb t\u00eb produkteve. Ekipi yn\u00eb mund t'ju udh\u00ebzoj\u00eb p\u00ebrmes stileve, materialeve dhe konfigurimeve t\u00eb ndryshme p\u00ebr t'ju ndihmuar t\u00eb b\u00ebni zgjedhjen e duhur.<\/p>\n<\/div>\n<\/div>\n<\/div>\n\n\n\n<div class=\"gb-accordion__item gb-accordion__item-95b5a27d\">\n<div role=\"button\" tabindex=\"0\" class=\"gb-accordion__toggle gb-accordion__toggle-13a5af4a\" id=\"gb-accordion-toggle-13a5af4a\">\n<span class=\"gb-text gb-text-17f17116\">A mund t\u00eb m\u00eb ndihmoni t\u00eb planifikoj planimetrin\u00eb e dhom\u00ebs sime?<\/span>\n\n\n\n<span class=\"gb-accordion__toggle-icon gb-accordion__toggle-icon-6724ab27\"><span class=\"gb-accordion__toggle-icon-open\"><svg width=\"25\" height=\"24\" viewbox=\"0 0 25 24\" fill=\"none\" xmlns=\"http:\/\/www.w3.org\/2000\/svg\">\n<path d=\"M20.507 7.03207L3.32306 23.5L0.499996 20.7946L17.6819 4.32664L2.53843 4.32664L2.53843 0.5L24.5 0.500004L24.5 21.5465L20.507 21.5465L20.507 7.03207Z\" fill=\"white\"><\/path>\n<\/svg><\/span><span class=\"gb-accordion__toggle-icon-close\"><svg width=\"23\" height=\"23\" viewbox=\"0 0 23 23\" fill=\"none\" xmlns=\"http:\/\/www.w3.org\/2000\/svg\">\n<path d=\"M19.1734 16.4679L2.70543 9.20681e-06L-1.44153e-06 2.70544L16.466 19.1734L1.9535 19.1734L1.9535 23L23 23L23 1.9535L19.1734 1.9535L19.1734 16.4679Z\" fill=\"#FFD400\"><\/path>\n<\/svg>\n<\/span><\/span>\n<\/div>\n\n\n\n<div class=\"gb-accordion__content gb-accordion__content-f6454ac2\" id=\"gb-accordion-content-f6454ac2\">\n<div class=\"gb-element-51df8c42\">\n<p class=\"gb-text gb-text-82041a8b\">Absolutisht. Ekipi yn\u00eb mund t\u00eb ofroj\u00eb k\u00ebshilla mbi vendosjen dhe stilimin e mobiljeve p\u00ebr t&#039;ju ndihmuar t\u00eb krijoni nj\u00eb hap\u00ebsir\u00eb funksionale dhe estetikisht t\u00eb k\u00ebndshme, pavar\u00ebsisht n\u00ebse po mobiloni nj\u00eb dhom\u00eb t\u00eb vetme apo nj\u00eb sht\u00ebpi t\u00eb t\u00ebr\u00eb.<\/p>\n<\/div>\n<\/div>\n<\/div>\n<\/div>\n<\/div>\n\n\n\n<div class=\"gb-element-9148e927\">\n<div class=\"gb-accordion\">\n<div class=\"gb-accordion__item gb-accordion__item-b0117312\">\n<div role=\"button\" tabindex=\"0\" class=\"gb-accordion__toggle gb-accordion__toggle-9f721335\" id=\"gb-accordion-toggle-9f721335\">\n<span class=\"gb-text gb-text-0ccccc30\">A ofroni sh\u00ebrbime montimi p\u00ebr mobiljet tuaja?<\/span>\n\n\n\n<span class=\"gb-accordion__toggle-icon gb-accordion__toggle-icon-a78caf19\"><span class=\"gb-accordion__toggle-icon-open\"><svg width=\"25\" height=\"24\" viewbox=\"0 0 25 24\" fill=\"none\" xmlns=\"http:\/\/www.w3.org\/2000\/svg\">\n<path d=\"M20.507 7.03207L3.32306 23.5L0.499996 20.7946L17.6819 4.32664L2.53843 4.32664L2.53843 0.5L24.5 0.500004L24.5 21.5465L20.507 21.5465L20.507 7.03207Z\" fill=\"white\"><\/path>\n<\/svg><\/span><span class=\"gb-accordion__toggle-icon-close\"><svg width=\"23\" height=\"23\" viewbox=\"0 0 23 23\" fill=\"none\" xmlns=\"http:\/\/www.w3.org\/2000\/svg\">\n<path d=\"M19.1734 16.4679L2.70543 9.20681e-06L-1.44153e-06 2.70544L16.466 19.1734L1.9535 19.1734L1.9535 23L23 23L23 1.9535L19.1734 1.9535L19.1734 16.4679Z\" fill=\"#FFD400\"><\/path>\n<\/svg>\n<\/span><\/span>\n<\/div>\n\n\n\n<div class=\"gb-accordion__content gb-accordion__content-c0d129bd\" id=\"gb-accordion-content-c0d129bd\">\n<div class=\"gb-element-1f396dff\">\n<p class=\"gb-text gb-text-f387c00c\">Po, p\u00ebr shumic\u00ebn e pjes\u00ebve tona m\u00eb t\u00eb m\u00ebdha, ne ofrojm\u00eb sh\u00ebrbime profesionale montimi p\u00ebr t\u00eb siguruar q\u00eb mobiljet tuaja t\u00eb montohen si\u00e7 duhet dhe n\u00eb m\u00ebnyr\u00eb t\u00eb sigurt. Tarifat e montimit mund t\u00eb ndryshojn\u00eb n\u00eb var\u00ebsi t\u00eb produktit dhe kompleksitetit.<\/p>\n<\/div>\n<\/div>\n<\/div>\n\n\n\n<div class=\"gb-accordion__item gb-accordion__item-2aa0b63e\">\n<div role=\"button\" tabindex=\"0\" class=\"gb-accordion__toggle gb-accordion__toggle-c4c10081\" id=\"gb-accordion-toggle-c4c10081\">\n<span class=\"gb-text gb-text-4e7ef0db\">Si mund t\u00eb kujdesem p\u00ebr mobiljet e mia q\u00eb ato t\u00eb zgjasin m\u00eb shum\u00eb?<\/span>\n\n\n\n<span class=\"gb-accordion__toggle-icon gb-accordion__toggle-icon-c776c61b\"><span class=\"gb-accordion__toggle-icon-open\"><svg width=\"25\" height=\"24\" viewbox=\"0 0 25 24\" fill=\"none\" xmlns=\"http:\/\/www.w3.org\/2000\/svg\">\n<path d=\"M20.507 7.03207L3.32306 23.5L0.499996 20.7946L17.6819 4.32664L2.53843 4.32664L2.53843 0.5L24.5 0.500004L24.5 21.5465L20.507 21.5465L20.507 7.03207Z\" fill=\"white\"><\/path>\n<\/svg><\/span><span class=\"gb-accordion__toggle-icon-close\"><svg width=\"23\" height=\"23\" viewbox=\"0 0 23 23\" fill=\"none\" xmlns=\"http:\/\/www.w3.org\/2000\/svg\">\n<path d=\"M19.1734 16.4679L2.70543 9.20681e-06L-1.44153e-06 2.70544L16.466 19.1734L1.9535 19.1734L1.9535 23L23 23L23 1.9535L19.1734 1.9535L19.1734 16.4679Z\" fill=\"#FFD400\"><\/path>\n<\/svg>\n<\/span><\/span>\n<\/div>\n\n\n\n<div class=\"gb-accordion__content gb-accordion__content-fb2e20a9\" id=\"gb-accordion-content-fb2e20a9\">\n<div class=\"gb-element-55b043bc\">\n<p class=\"gb-text gb-text-0eb4a5ac\">\u00c7do produkt vjen me udh\u00ebzime t\u00eb p\u00ebrshtatura p\u00ebr materialet e tij. N\u00eb p\u00ebrgjith\u00ebsi, ne rekomandojm\u00eb shmangien e rrezeve t\u00eb diellit direkte, pastrimin e sip\u00ebrfaqeve me nj\u00eb leck\u00eb t\u00eb but\u00eb dhe p\u00ebrdorimin e pastruesve t\u00eb p\u00ebrshtatsh\u00ebm p\u00ebr dru, p\u00eblhur\u00eb ose l\u00ebkur\u00eb. Ekipi yn\u00eb \u00ebsht\u00eb i lumtur t'ju ofroj\u00eb k\u00ebshilla p\u00ebr mir\u00ebmbajtje n\u00eb \u00e7do koh\u00eb.<\/p>\n<\/div>\n<\/div>\n<\/div>\n<\/div>\n<\/div>\n<\/div>\n<\/div>\n<\/div>","protected":false},"excerpt":{"rendered":"<p>Home About us Welcome to Astral Interior Astral Interior is your n# 1 destination for stylish, high-quality furniture and d\u00e9cor that bring every room of your home to life. About Us Inspiration, Lifestyle, Defined Welcome to Astral Interior, where style meets comfort in every corner of your home. Based in Tirana, we bring you a &#8230; <a title=\"Rreth Nesh\" class=\"read-more\" href=\"https:\/\/astralinterior.al\/sq\/about-us\/\" aria-label=\"Read more about About Us\">Lexo m\u00eb shum\u00eb<\/a><\/p>","protected":false},"author":3,"featured_media":0,"parent":0,"menu_order":0,"comment_status":"closed","ping_status":"closed","template":"","meta":{"_acf_changed":false,"inline_featured_image":false,"footnotes":""},"class_list":["post-807","page","type-page","status-publish"],"acf":[],"_links":{"self":[{"href":"https:\/\/astralinterior.al\/sq\/wp-json\/wp\/v2\/pages\/807","targetHints":{"allow":["GET"]}}],"collection":[{"href":"https:\/\/astralinterior.al\/sq\/wp-json\/wp\/v2\/pages"}],"about":[{"href":"https:\/\/astralinterior.al\/sq\/wp-json\/wp\/v2\/types\/page"}],"author":[{"embeddable":true,"href":"https:\/\/astralinterior.al\/sq\/wp-json\/wp\/v2\/users\/3"}],"replies":[{"embeddable":true,"href":"https:\/\/astralinterior.al\/sq\/wp-json\/wp\/v2\/comments?post=807"}],"version-history":[{"count":0,"href":"https:\/\/astralinterior.al\/sq\/wp-json\/wp\/v2\/pages\/807\/revisions"}],"wp:attachment":[{"href":"https:\/\/astralinterior.al\/sq\/wp-json\/wp\/v2\/media?parent=807"}],"curies":[{"name":"wp","href":"https:\/\/api.w.org\/{rel}","templated":true}]}}