{"id":127,"date":"2025-07-23T22:47:28","date_gmt":"2025-07-23T22:47:28","guid":{"rendered":"https:\/\/astral.growdevs.com\/?page_id=127"},"modified":"2025-08-14T07:02:02","modified_gmt":"2025-08-14T07:02:02","slug":"contact","status":"publish","type":"page","link":"https:\/\/astralinterior.al\/sq\/contact\/","title":{"rendered":"Kontakt"},"content":{"rendered":"<div class=\"gb-element-aef03e80\">\n<div class=\"normal-container gb-element-e548e0dd\">\n<div class=\"gb-element-fcd015a5\">\n<div class=\"gb-text-dfeda76d\"><span class=\"gb-text\">Home<\/span><span class=\"gb-shape\"><svg width=\"9\" height=\"9\" viewbox=\"0 0 9 9\" fill=\"none\" xmlns=\"http:\/\/www.w3.org\/2000\/svg\">\n<g clip-path=\"url(#clip0_134_2255)\">\n<path d=\"M2.78095 9L1.71973 7.93874L5.15846 4.5L1.71973 1.06126L2.78095 2.0929e-06L7.28095 4.5L2.78095 9Z\" fill=\"white\"><\/path>\n<\/g>\n<defs>\n<clippath id=\"clip0_134_2255\">\n<rect width=\"9\" height=\"9\" fill=\"white\" transform=\"matrix(1 1.74846e-07 1.74846e-07 -1 0 9)\"><\/rect>\n<\/clippath>\n<\/defs>\n<\/svg><\/span><\/div>\n\n\n\n<div class=\"gb-text gb-text-4c63927a\">Kontakti<\/div>\n<\/div>\n\n\n\n<h2 class=\"gb-text\">Kontakti<\/h2>\n<\/div>\n<\/div>\n\n\n\n<div>\n<div class=\"normal-container gb-element-acbbd4e6\">\n<div class=\"gb-element-b4519c8d\">\n<h3 class=\"gb-text gb-text-b9b99b96\">Kontakt<\/h3>\n\n\n\n<div class=\"gb-text-9cdbf1f0\"><span class=\"gb-shape\"><svg width=\"34\" height=\"35\" viewbox=\"0 0 34 35\" fill=\"none\" xmlns=\"http:\/\/www.w3.org\/2000\/svg\">\n<g clip-path=\"url(#clip0_148_5966)\">\n<path d=\"M26.4457 21.4972C25.7607 20.7839 24.9344 20.4026 24.0587 20.4026C23.19 20.4026 22.3567 20.7769 21.6434 21.4901L19.4118 23.7147C19.2282 23.6158 19.0446 23.524 18.868 23.4322C18.6138 23.3051 18.3737 23.1851 18.1689 23.0579C16.0785 21.7303 14.1787 20 12.3567 17.7613C11.4739 16.6455 10.8807 15.7062 10.4499 14.7529C11.029 14.2232 11.5657 13.6723 12.0883 13.1427C12.2861 12.9449 12.4838 12.7401 12.6816 12.5424C14.1646 11.0594 14.1646 9.13845 12.6816 7.6554L10.7536 5.72743C10.5347 5.50851 10.3087 5.28252 10.0968 5.05653C9.67309 4.61868 9.22818 4.1667 8.76914 3.74297C8.08411 3.065 7.2649 2.70483 6.40332 2.70483C5.54174 2.70483 4.7084 3.065 4.00219 3.74297C3.99513 3.75003 3.99513 3.75003 3.98807 3.75709L1.58694 6.17941C0.682981 7.08336 0.167445 8.18506 0.0544503 9.46331C-0.115041 11.5255 0.492303 13.4464 0.958405 14.7034C2.10247 17.7896 3.81151 20.6497 6.36095 23.7147C9.45417 27.4082 13.1759 30.3249 17.4273 32.38C19.0516 33.1497 21.2197 34.0608 23.642 34.2161C23.7903 34.2232 23.9457 34.2302 24.0869 34.2302C25.7183 34.2302 27.0883 33.6441 28.1618 32.4788C28.1689 32.4647 28.183 32.4577 28.19 32.4435C28.5573 31.9986 28.981 31.5961 29.4259 31.1653C29.7296 30.8757 30.0403 30.5721 30.344 30.2543C31.0431 29.5269 31.4104 28.6794 31.4104 27.8108C31.4104 26.9351 31.0361 26.0947 30.3228 25.3884L26.4457 21.4972ZM28.9739 28.9336C28.9669 28.9336 28.9669 28.9407 28.9739 28.9336C28.6985 29.2303 28.416 29.4986 28.1124 29.7952C27.6533 30.2331 27.1872 30.6921 26.7494 31.2077C26.0361 31.9704 25.1957 32.3305 24.094 32.3305C23.9881 32.3305 23.8751 32.3305 23.7691 32.3235C21.6717 32.1893 19.7225 31.3701 18.2607 30.6709C14.2635 28.7359 10.7536 25.9887 7.83694 22.5071C5.42874 19.6045 3.81857 16.9209 2.75219 14.0396C2.09541 12.2811 1.8553 10.911 1.96123 9.61867C2.03185 8.7924 2.34965 8.10738 2.93581 7.52122L5.344 5.11303C5.69004 4.78817 6.05727 4.61161 6.41744 4.61161C6.86236 4.61161 7.22253 4.87997 7.44852 5.10596C7.45558 5.11303 7.46264 5.12009 7.4697 5.12715C7.90049 5.52969 8.3101 5.94636 8.74089 6.39127C8.95982 6.61726 9.18581 6.84325 9.41179 7.0763L11.3398 9.00427C12.0883 9.75286 12.0883 10.4449 11.3398 11.1935C11.135 11.3983 10.9372 11.6031 10.7324 11.8009C10.1392 12.4082 9.57422 12.9732 8.95982 13.524C8.94569 13.5382 8.93157 13.5452 8.92451 13.5594C8.31716 14.1667 8.43016 14.7599 8.55727 15.1625C8.56434 15.1836 8.5714 15.2048 8.57846 15.226C9.07987 16.4407 9.78609 17.5848 10.8595 18.9478L10.8666 18.9548C12.8157 21.356 14.8708 23.2274 17.1378 24.661C17.4273 24.8447 17.7239 24.993 18.0064 25.1342C18.2607 25.2613 18.5008 25.3814 18.7056 25.5085C18.7338 25.5226 18.7621 25.5438 18.7903 25.5579C19.0304 25.678 19.2564 25.7345 19.4895 25.7345C20.0756 25.7345 20.4429 25.3673 20.5629 25.2472L22.9782 22.8319C23.2183 22.5918 23.5996 22.3023 24.0446 22.3023C24.4824 22.3023 24.8426 22.5777 25.0615 22.8178C25.0686 22.8249 25.0686 22.8249 25.0756 22.8319L28.9669 26.7232C29.6943 27.4435 29.6943 28.1851 28.9739 28.9336Z\" fill=\"black\"><\/path>\n<path d=\"M18.0846 8.72919C19.9348 9.03992 21.6156 9.91563 22.9574 11.2574C24.2993 12.5992 25.1679 14.28 25.4857 16.1303C25.5634 16.5964 25.9659 16.9213 26.425 16.9213C26.4815 16.9213 26.5309 16.9142 26.5874 16.9072C27.11 16.8224 27.456 16.3281 27.3713 15.8055C26.9899 13.5668 25.9306 11.5258 24.3134 9.90856C22.6961 8.29133 20.6552 7.23201 18.4165 6.85065C17.8939 6.76591 17.4066 7.11195 17.3148 7.62749C17.223 8.14303 17.562 8.64444 18.0846 8.72919Z\" fill=\"black\"><\/path>\n<path d=\"M33.4225 15.5298C32.794 11.8434 31.0567 8.48887 28.3872 5.81938C25.7177 3.14988 22.3632 1.4126 18.6767 0.784066C18.1612 0.692258 17.6739 1.04537 17.5821 1.5609C17.4973 2.0835 17.8434 2.57079 18.366 2.6626C21.657 3.22051 24.6584 4.78124 27.0454 7.16118C29.4324 9.54819 30.986 12.5496 31.544 15.8406C31.6216 16.3067 32.0242 16.6315 32.4832 16.6315C32.5397 16.6315 32.5892 16.6245 32.6456 16.6174C33.1612 16.5397 33.5143 16.0454 33.4225 15.5298Z\" fill=\"black\"><\/path>\n<\/g>\n<defs>\n<clippath id=\"clip0_148_5966\">\n<rect width=\"33.4609\" height=\"33.4609\" fill=\"white\" transform=\"translate(0 0.769531)\"><\/rect>\n<\/clippath>\n<\/defs>\n<\/svg><\/span><span class=\"gb-text\"><a href=\"tel:+355688551309\" data-type=\"tel\" data-id=\"tel:+355688551309\">+355688551309<\/a><\/span><\/div>\n\n\n\n<div class=\"gb-text-5bf1af3d\"><span class=\"gb-shape\"><svg width=\"33\" height=\"24\" viewbox=\"0 0 33 24\" fill=\"none\" xmlns=\"http:\/\/www.w3.org\/2000\/svg\">\n<path d=\"M30.0996 0.782471H2.90039C1.3044 0.782471 0 2.08114 0 3.68286V21.0852C0 22.6875 1.30524 23.9856 2.90039 23.9856H30.0996C31.6956 23.9856 33 22.6869 33 21.0852V3.68286C33 2.08075 31.695 0.782471 30.0996 0.782471ZM29.6542 2.71606C28.7165 3.65689 17.7017 14.7076 17.2492 15.1616C16.8713 15.5407 16.1289 15.5409 15.7508 15.1616L3.34576 2.71606H29.6542ZM1.93359 20.7297V4.03832L10.2522 12.384L1.93359 20.7297ZM3.34576 22.052L11.6173 13.7535L14.3814 16.5266C15.5141 17.663 17.4864 17.6626 18.6187 16.5266L21.3828 13.7536L29.6542 22.052H3.34576ZM31.0664 20.7297L22.7478 12.384L31.0664 4.03832V20.7297Z\" fill=\"black\"><\/path>\n<\/svg><\/span><span class=\"gb-text\"><a href=\"mailto:info@astralinterior.com\" data-type=\"mailto\" data-id=\"mailto:info@astralinterior.com\">info@astralinterior.com<\/a><\/span><\/div>\n\n\n\n<div class=\"gb-text-9a90765a\"><span class=\"gb-shape\"><svg width=\"25\" height=\"34\" viewbox=\"0 0 25 34\" fill=\"none\" xmlns=\"http:\/\/www.w3.org\/2000\/svg\">\n<path d=\"M11.9167 33.0619C12.0985 33.3346 12.4046 33.4985 12.7323 33.4985C13.0601 33.4985 13.3662 33.3347 13.548 33.0619C15.868 29.582 19.2851 25.2843 21.6663 20.9135C23.5703 17.4186 24.4959 14.4379 24.4959 11.8012C24.4959 5.31474 19.2188 0.0375977 12.7323 0.0375977C6.24589 0.0375977 0.96875 5.31474 0.96875 11.8012C0.96875 14.4379 1.89435 17.4186 3.79835 20.9135C6.1778 25.281 9.60146 29.5892 11.9167 33.0619ZM12.7323 1.9982C18.1377 1.9982 22.5353 6.39582 22.5353 11.8012C22.5353 14.1019 21.6879 16.7757 19.9447 19.9755C17.8921 23.7431 14.9631 27.5648 12.7323 30.7777C10.5019 27.5653 7.5727 23.7433 5.52002 19.9755C3.77678 16.7757 2.92935 14.1019 2.92935 11.8012C2.92935 6.39582 7.32697 1.9982 12.7323 1.9982Z\" fill=\"black\"><\/path>\n<path d=\"M12.7314 17.6828C15.9746 17.6828 18.6132 15.0442 18.6132 11.801C18.6132 8.55776 15.9746 5.91919 12.7314 5.91919C9.48818 5.91919 6.84961 8.55776 6.84961 11.801C6.84961 15.0442 9.48818 17.6828 12.7314 17.6828ZM12.7314 7.87979C14.8935 7.87979 16.6526 9.63884 16.6526 11.801C16.6526 13.9631 14.8935 15.7222 12.7314 15.7222C10.5693 15.7222 8.81021 13.9631 8.81021 11.801C8.81021 9.63884 10.5693 7.87979 12.7314 7.87979Z\" fill=\"black\"><\/path>\n<\/svg>\n<\/span><span class=\"gb-text\"><a href=\"#\" data-type=\"mailto\" data-id=\"mailto:ArtCraft@Architecture.com\">Tirana, Shqip\u00ebri<\/a><\/span><\/div>\n\n\n\n<div class=\"gb-text gb-text-09cdb56c\">Na ndiqni:<\/div>\n\n\n\n<div class=\"gb-element-f6e6ab80\">\n<a class=\"gb-text-68afdd9b\" href=\"https:\/\/www.instagram.com\/astral.interior\/\"><span class=\"gb-shape\"><svg aria-hidden=\"true\" role=\"img\" height=\"1em\" width=\"1em\" viewbox=\"0 0 448 512\" xmlns=\"http:\/\/www.w3.org\/2000\/svg\"><path fill=\"currentColor\" d=\"M224.1 141c-63.6 0-114.9 51.3-114.9 114.9s51.3 114.9 114.9 114.9S339 319.5 339 255.9 287.7 141 224.1 141zm0 189.6c-41.1 0-74.7-33.5-74.7-74.7s33.5-74.7 74.7-74.7 74.7 33.5 74.7 74.7-33.6 74.7-74.7 74.7zm146.4-194.3c0 14.9-12 26.8-26.8 26.8-14.9 0-26.8-12-26.8-26.8s12-26.8 26.8-26.8 26.8 12 26.8 26.8zm76.1 27.2c-1.7-35.9-9.9-67.7-36.2-93.9-26.2-26.2-58-34.4-93.9-36.2-37-2.1-147.9-2.1-184.9 0-35.8 1.7-67.6 9.9-93.9 36.1s-34.4 58-36.2 93.9c-2.1 37-2.1 147.9 0 184.9 1.7 35.9 9.9 67.7 36.2 93.9s58 34.4 93.9 36.2c37 2.1 147.9 2.1 184.9 0 35.9-1.7 67.7-9.9 93.9-36.2 26.2-26.2 34.4-58 36.2-93.9 2.1-37 2.1-147.8 0-184.8zM398.8 388c-7.8 19.6-22.9 34.7-42.6 42.6-29.5 11.7-99.5 9-132.1 9s-102.7 2.6-132.1-9c-19.6-7.8-34.7-22.9-42.6-42.6-11.7-29.5-9-99.5-9-132.1s-2.6-102.7 9-132.1c7.8-19.6 22.9-34.7 42.6-42.6 29.5-11.7 99.5-9 132.1-9s102.7-2.6 132.1 9c19.6 7.8 34.7 22.9 42.6 42.6 11.7 29.5 9 99.5 9 132.1s2.7 102.7-9 132.1z\"><\/path><\/svg><\/span><\/a>\n\n\n\n<a class=\"gb-text-3344c5d2\" href=\"https:\/\/www.facebook.com\/astral.interior\"><span class=\"gb-shape\"><svg width=\"26\" height=\"18\" viewbox=\"0 0 26 18\" fill=\"none\" xmlns=\"http:\/\/www.w3.org\/2000\/svg\">\n<path d=\"M18.7274 0.48877C16.637 0.48877 15.0029 2.06322 13.5236 4.06331C11.4908 1.47502 9.79079 0.48877 7.75635 0.48877C3.60865 0.48877 0.430664 5.88668 0.430664 11.6C0.430664 15.1753 2.16032 17.4302 5.05743 17.4302C7.14261 17.4302 8.64227 16.4472 11.3082 11.7869C11.3082 11.7869 12.4196 9.8244 13.1841 8.47252C13.452 8.90508 13.7335 9.37044 14.0306 9.87081L15.2807 11.9739C17.716 16.0491 19.0728 17.4302 21.5315 17.4302C24.3539 17.4302 25.9246 15.1444 25.9246 11.4948C25.9247 5.51278 22.675 0.48877 18.7274 0.48877ZM9.27529 10.5251C7.11378 13.9134 6.36603 14.6729 5.16259 14.6729C3.92409 14.6729 3.18805 13.5856 3.18805 11.6468C3.18805 7.49902 5.2561 3.25781 7.72135 3.25781C9.05635 3.25781 10.172 4.0288 11.8809 6.47523C10.2582 8.96413 9.27529 10.5251 9.27529 10.5251ZM17.4331 10.0986L15.9383 7.60568C15.5338 6.94781 15.1462 6.34328 14.7721 5.78903C16.1193 3.70973 17.2306 2.67363 18.5522 2.67363C21.2979 2.67363 23.4945 6.71623 23.4945 11.6818C23.4945 13.5746 22.8745 14.6729 21.59 14.6729C20.3589 14.6728 19.7707 13.8598 17.4331 10.0986Z\" fill=\"currentColor\"><\/path>\n<\/svg><\/span><\/a>\n<\/div>\n<\/div>\n\n\n\n<div class=\"gb-element-afd19f3e\">\n<div class=\"gb-element-b1bd8bc2\">\n<h3 class=\"gb-text gb-text-f7c70a99 form-title-contact-page\">Na d\u00ebrgoni nj\u00eb mesazh<\/h3>\n<\/div>\n\n\n\n<div class=\"gb-element-baa7148e\"><div class='fluentform ff-inherit-theme-style fluentform_wrapper_3  ff_guten_block'><form data-form_id=\"3\" id=\"fluentform_3\" class=\"frm-fluent-form fluent_form_3 ff-el-form-top ff_form_instance_3_1 ff-form-loading ffs_inherit_theme\" data-form_instance=\"ff_form_instance_3_1\" method=\"POST\" action=\"\" ><fieldset  style=\"border: none!important;margin: 0!important;padding: 0!important;background-color: transparent!important;box-shadow: none!important;outline: none!important; min-inline-size: 100%;\">\n                    <legend class=\"ff_screen_reader_title\" style=\"display: block; margin: 0!important;padding: 0!important;height: 0!important;text-indent: -999999px;width: 0!important;overflow:hidden;\">Na kontaktoni<\/legend><input type='hidden' name='__fluent_form_embded_post_id' value='127' \/><input type=\"hidden\" id=\"_fluentform_3_fluentformnonce\" name=\"_fluentform_3_fluentformnonce\" value=\"8b1a549244\" \/><input type=\"hidden\" name=\"_wp_http_referer\" value=\"\/sq\/wp-json\/wp\/v2\/pages\/127\" \/><div data-type=\"name-element\" data-name=\"names\" class=\"ff-field_container ff-name-field-wrapper\" ><div class='ff-t-container'><div class='ff-t-cell'><div class='ff-el-group ff-el-form-hide_label'><div class=\"ff-el-input--label ff-el-is-required asterisk-right\"><label for='ff_3_names_first_name_' >Emri<\/label><\/div><div class='ff-el-input--content'><input type=\"text\" name=\"names[first_name]\" id=\"ff_3_names_first_name_\" class=\"ff-el-form-control\" placeholder=\"Emri\" aria-invalid=\"false\" aria-required=\"true\"><\/div><\/div><\/div><div class='ff-t-cell'><div class='ff-el-group ff-el-form-hide_label'><div class=\"ff-el-input--label asterisk-right\"><label for='ff_3_names_last_name_' >Mbiemri<\/label><\/div><div class='ff-el-input--content'><input type=\"text\" name=\"names[last_name]\" id=\"ff_3_names_last_name_\" class=\"ff-el-form-control\" placeholder=\"Mbiemri\" aria-invalid=\"false\" aria-required=\"false\"><\/div><\/div><\/div><\/div><\/div><div data-name=\"ff_cn_id_1\"  class='ff-t-container ff-column-container ff_columns_total_2'><div class='ff-t-cell ff-t-column-1' style='flex-basis: 50%;'><div class='ff-el-group ff-el-form-hide_label'><div class=\"ff-el-input--label ff-el-is-required asterisk-right\"><label for='ff_3_phone' aria-label=\"Telefon\/Celular\">Telefon\/Celular<\/label><\/div><div class='ff-el-input--content'><input name=\"phone\" class=\"ff-el-form-control ff-el-phone\" type=\"tel\" placeholder=\"Numri i telefonit\" data-name=\"phone\" id=\"ff_3_phone\" inputmode=\"tel\"  aria-invalid='false' aria-required=\"true\"><\/div><\/div><\/div><div class='ff-t-cell ff-t-column-2' style='flex-basis: 50%;'><div class='ff-el-group ff-el-form-hide_label'><div class=\"ff-el-input--label ff-el-is-required asterisk-right\"><label for='ff_3_email' aria-label=\"Email\">Email<\/label><\/div><div class='ff-el-input--content'><input type=\"email\" name=\"email\" id=\"ff_3_email\" class=\"ff-el-form-control\" placeholder=\"Email\" data-name=\"email\"  aria-invalid=\"false\" aria-required=\"true\"><\/div><\/div><\/div><\/div><div class='ff-el-group ff-el-form-hide_label'><div class=\"ff-el-input--label ff-el-is-required asterisk-right\"><label for='ff_3_description' aria-label=\"Zona e tekstit\">Zona e tekstit<\/label><\/div><div class='ff-el-input--content'><textarea aria-invalid=\"false\" aria-required=\"true\" name=\"description\" id=\"ff_3_description\" class=\"ff-el-form-control\" placeholder=\"Shkruani mesazhin tuaj k\u00ebtu\" rows=\"6\" cols=\"2\" data-name=\"description\" ><\/textarea><\/div><\/div><div class='ff-el-group ff-el-form-hide_label checkbox-custom'><div class=\"ff-el-input--label ff-el-is-required asterisk-right\"><label  aria-label=\"Fusha e kutis\u00eb s\u00eb kontrollit\">Fusha e kutis\u00eb s\u00eb kontrollit<\/label><\/div><div class='ff-el-input--content'><div class='ff-el-form-check ff-el-form-check-'><label class='ff-el-form-check-label' for=\"checkbox_7a5cdbed0febe3544cf83318fb166a04\"><input  type=\"checkbox\" name=\"checkbox[]\" data-name=\"checkbox\" class=\"ff-el-form-check-input ff-el-form-check-checkbox\" value=\"I accept the Privacy Policy\"  id='checkbox_7a5cdbed0febe3544cf83318fb166a04' aria-label='Un\u00eb pranoj Politik\u00ebn e Privat\u00ebsis\u00eb' aria-invalid='false' aria-required=\"true\"> <span>Un\u00eb pranoj Politik\u00ebn e Privat\u00ebsis\u00eb<\/span><\/label><\/div><\/div><\/div><div class='ff-el-group ff-el-form-hide_label checkbox-custom'><div class=\"ff-el-input--label asterisk-right\"><label  aria-label=\"Fusha e kutis\u00eb s\u00eb kontrollit\">Fusha e kutis\u00eb s\u00eb kontrollit<\/label><\/div><div class='ff-el-input--content'><div class='ff-el-form-check ff-el-form-check-'><label class='ff-el-form-check-label' for=\"checkbox_1_503a593c758fce5bdb43d32a3072e910\"><input  type=\"checkbox\" name=\"checkbox_1[]\" data-name=\"checkbox_1\" class=\"ff-el-form-check-input ff-el-form-check-checkbox\" value=\"I do want to be kept informed about advantages promotions, events and other products of our company\"  id='checkbox_1_503a593c758fce5bdb43d32a3072e910' aria-label='Dua t\u00eb jem i informuar rreth avantazheve, promovimeve, ngjarjeve dhe produkteve t\u00eb tjera t\u00eb kompanis\u00eb son\u00eb' aria-invalid='false' aria-required=\"false\"> <span>Dua t\u00eb jem i informuar rreth avantazheve, promovimeve, ngjarjeve dhe produkteve t\u00eb tjera t\u00eb kompanis\u00eb son\u00eb<\/span><\/label><\/div><\/div><\/div><div class='ff-el-group ff-text-left ff_submit_btn_wrapper'><button type=\"submit\" class=\"ff-btn ff-btn-submit ff-btn-md ff_btn_no_style\" >D\u00ebrgo<\/button><\/div><\/fieldset><input type=\"hidden\" name=\"trp-form-language\" value=\"sq\"\/><\/form><div id='fluentform_3_errors' class='ff-errors-in-stack ff_form_instance_3_1 ff-form-loading_errors ff_form_instance_3_1_errors'><\/div><\/div>        <script type=\"text\/javascript\">\n            window.fluent_form_ff_form_instance_3_1 = {\"id\":\"3\",\"settings\":{\"layout\":{\"labelPlacement\":\"top\",\"asteriskPlacement\":\"asterisk-right\",\"helpMessagePlacement\":\"with_label\",\"errorMessagePlacement\":\"inline\",\"cssClassName\":\"\"},\"restrictions\":{\"denyEmptySubmission\":{\"enabled\":false}}},\"form_instance\":\"ff_form_instance_3_1\",\"form_id_selector\":\"fluentform_3\",\"rules\":{\"names[first_name]\":{\"required\":{\"value\":true,\"message\":\"This field is required\",\"global_message\":\"This field is required\",\"global\":true}},\"names[middle_name]\":{\"required\":{\"value\":false,\"message\":\"This field is required\",\"global_message\":\"This field is required\",\"global\":true}},\"names[last_name]\":{\"required\":{\"value\":false,\"message\":\"This field is required\",\"global_message\":\"This field is required\",\"global\":true}},\"phone\":{\"required\":{\"value\":true,\"global\":true,\"message\":\"This field is required\",\"global_message\":\"This field is required\"},\"valid_phone_number\":{\"value\":false,\"global\":true,\"message\":\"Phone number is not valid\",\"global_message\":\"Phone number is not valid\"}},\"email\":{\"required\":{\"value\":true,\"message\":\"This field is required\",\"global_message\":\"This field is required\",\"global\":true},\"email\":{\"value\":true,\"message\":\"This field must contain a valid email\",\"global_message\":\"This field must contain a valid email\",\"global\":true}},\"description\":{\"required\":{\"value\":true,\"message\":\"This field is required\",\"global_message\":\"This field is required\",\"global\":true}},\"checkbox\":{\"required\":{\"value\":true,\"message\":\"This field is required\",\"global_message\":\"This field is required\",\"global\":true}},\"checkbox_1\":{\"required\":{\"value\":false,\"message\":\"This field is required\",\"global_message\":\"This field is required\",\"global\":true}}},\"debounce_time\":300};\n                    <\/script>\n        <\/div>\n<\/div>\n<\/div>\n<\/div>","protected":false},"excerpt":{"rendered":"<p>Home Contact Contact Contact Us +355688551309 info@astralinterior.com Tirana, Albania Follow us: Send Us a Message<\/p>","protected":false},"author":3,"featured_media":0,"parent":0,"menu_order":0,"comment_status":"closed","ping_status":"closed","template":"","meta":{"_acf_changed":false,"inline_featured_image":false,"footnotes":""},"class_list":["post-127","page","type-page","status-publish"],"acf":[],"_links":{"self":[{"href":"https:\/\/astralinterior.al\/sq\/wp-json\/wp\/v2\/pages\/127","targetHints":{"allow":["GET"]}}],"collection":[{"href":"https:\/\/astralinterior.al\/sq\/wp-json\/wp\/v2\/pages"}],"about":[{"href":"https:\/\/astralinterior.al\/sq\/wp-json\/wp\/v2\/types\/page"}],"author":[{"embeddable":true,"href":"https:\/\/astralinterior.al\/sq\/wp-json\/wp\/v2\/users\/3"}],"replies":[{"embeddable":true,"href":"https:\/\/astralinterior.al\/sq\/wp-json\/wp\/v2\/comments?post=127"}],"version-history":[{"count":0,"href":"https:\/\/astralinterior.al\/sq\/wp-json\/wp\/v2\/pages\/127\/revisions"}],"wp:attachment":[{"href":"https:\/\/astralinterior.al\/sq\/wp-json\/wp\/v2\/media?parent=127"}],"curies":[{"name":"wp","href":"https:\/\/api.w.org\/{rel}","templated":true}]}}